{"id":702,"date":"2023-06-15T20:41:13","date_gmt":"2023-06-15T18:41:13","guid":{"rendered":"https:\/\/orianebaldassarre.fr\/?page_id=702"},"modified":"2026-04-07T12:25:22","modified_gmt":"2026-04-07T10:25:22","slug":"galleries","status":"publish","type":"page","link":"https:\/\/orianebaldassarre.fr\/fr\/galleries\/","title":{"rendered":"GALLERIES"},"content":{"rendered":"<div class=\"flo-category-switcher  flo-block\"\n      style=\"--bg-color: var(--transparent);      --color-title: var(--scheme_1--text--default);                  --color-item: var(--scheme_1--text--default);\t  --active-color-item: var(--scheme_1--text--default);      --margin-left:1.25em;      --color-indicator: var(--scheme_1--background--accent);      --color-item-hover: var(--scheme_1--background--accent);      --border-color: var(--scheme_1--background--accent);      --margin-top: 0em;      --margin-bottom: 0em;      --mobile-margin-top: 0em;      --mobile-margin-bottom: 0em;      \"\n\t  \n    >\n      <div class=\"flo-category-switcher__wrap\"  >\n        \n            <div  class=\"flo-category-switcher__title\" data-font=\"eb4c8e78f2a2\" >\n              Cat\u00e9gories\n            <\/div>\n            \n            <div class=\"flo-category-switcher__items\">\n              <div class=\"flo-category-switcher__item\"  >\n                  <a href=\"https:\/\/orianebaldassarre.fr\/fr\/galleries\/\" ><span data-font=\"271e9ed40234\">All<\/span><\/a>\n              <\/div>\n            \n\t\t\t\t\t\t\t\t<div  class=\"flo-category-switcher__item\" >\n\t\t\t\t\t\t\t\t\t\t<a href=\"https:\/\/orianebaldassarre.fr\/fr\/galleries\/?tax=category&categ=inspirations-mariage\" ><span data-font=\"271e9ed40234\">Inspirations<\/span><\/a>\n\t\t\t\t\t\t\t\t<\/div>\n\t\t\t\t\t\t\t\t\n\t\t\t\t\t\t\t\t<div  class=\"flo-category-switcher__item\" >\n\t\t\t\t\t\t\t\t\t\t<a href=\"https:\/\/orianebaldassarre.fr\/fr\/galleries\/?tax=category&categ=non-classe\" ><span data-font=\"271e9ed40234\">Non class\u00e9<\/span><\/a>\n\t\t\t\t\t\t\t\t<\/div>\n\t\t\t\t\t\t\t\t\n\t\t\t\t\t\t\t\t<div  class=\"flo-category-switcher__item\" >\n\t\t\t\t\t\t\t\t\t\t<a href=\"https:\/\/orianebaldassarre.fr\/fr\/galleries\/?tax=category&categ=photo-couple\" ><span data-font=\"271e9ed40234\">Photos de couple<\/span><\/a>\n\t\t\t\t\t\t\t\t<\/div>\n\t\t\t\t\t\t\t\t\n\t\t\t\t\t\t\t\t<div  class=\"flo-category-switcher__item\" >\n\t\t\t\t\t\t\t\t\t\t<a href=\"https:\/\/orianebaldassarre.fr\/fr\/galleries\/?tax=category&categ=reportage-mariage\" ><span data-font=\"271e9ed40234\">Reportage mariage<\/span><\/a>\n\t\t\t\t\t\t\t\t<\/div>\n\t\t\t\t\t\t\t\t<\/div>  \n      <\/div>\n    <\/div>\n  \n\n<div class=\"flo-block\tflo-block-post-list flo-block-post-list--text-under flo-block-post-list--image-cover\" style=\"\t--margin-top: 6.25em; --mobile-margin-top: 3.125em;\t--image-height: 36.25em;\t--mobile-image-height: 14.6875em;\t--color-overlay: var(--scheme_1--text--accent);\t--opacity-overlay: 0.3;\t--title-color: var(--scheme_1--text--default); --mobile-title-color: var(--scheme_1--text--default);\t--meta-color: var(--scheme_1--text--default); --mobile-meta-color: var(--scheme_1--text--default);\t--top-margin: -1.25em;\t--bottom-margin: 3.75em;\t--mobile-top-margin: 0em;\t--mobile-bottom-margin: 0em;\t\t\t\t\t \" >\n\t\t\t<div class=\"flo-block-post-list__items\">\n\t\t\t\t\t\t\t<div class=\"flo-block-post-list__item\">\n\t\t\t\t\t\t\t\t\t\t\t\t\t\t\t<div class=\"flo-block-post-list__meta\">\n\t\t\t\t\t\t\t\t\t\t\t<span class=\"flo-block-post-list__taxonomy\" data-font=\"271e9ed40234\">\n\t\t\t\t\t\t\t<a href=\"https:\/\/orianebaldassarre.fr\/fr\/category\/reportage-mariage\/\">Reportage mariage<\/a>\n\t\t\t\t\t\t<\/span>\n\t\t\t\t\t\n\t\t\t\t\t\t\t\t\t\t\t<span class=\"flo-block-post-list__date\" data-font=\"71f0624ade8b\">10 avril 2026<\/span>\n\t\t\t\t\t\t\t\t\t<\/div>\n\t\t\t\t\t\t\t\t\t\t\t\t\t\t<div class=\"flo-block-post-list__image-wrapper\">\n\t\t\t\t\t\t\t\t\t\t\t\t\t<div class='flo-block-post-list__image'>\n\t\t\t\t\t\t\t\t<a href=\"https:\/\/orianebaldassarre.fr\/fr\/winter-wedding-in-megeve-french-alps\/\">\n\t\t\t\t\t\t\t\t\t<img width=\"1067\" height=\"1600\" class=\"lazyload\" data-src=\"https:\/\/orianebaldassarre.fr\/wp-content\/uploads\/2026\/04\/cl-122.jpg\" data-srcset=\"https:\/\/orianebaldassarre.fr\/wp-content\/uploads\/2026\/04\/cl-122.jpg 1067w, https:\/\/orianebaldassarre.fr\/wp-content\/uploads\/2026\/04\/cl-122-200x300.jpg 200w, https:\/\/orianebaldassarre.fr\/wp-content\/uploads\/2026\/04\/cl-122-683x1024.jpg 683w, https:\/\/orianebaldassarre.fr\/wp-content\/uploads\/2026\/04\/cl-122-768x1152.jpg 768w, https:\/\/orianebaldassarre.fr\/wp-content\/uploads\/2026\/04\/cl-122-1024x1536.jpg 1024w\"  \/>\n\t\t\t\t\t\t\t\t<\/a>\n\t\t\t\t\t\t\t<\/div>\n\t\t\t\t\t\t\t\t\t\t\t\t\t\t\t\t\t\t\t\t\t\t\t<\/div>\n\t\t\t\t\t\t\t\t\t\t\t<div class=\"flo-block-post-list__text\">\n\t\t\t\t\t\t\t<h3 class=\"flo-block-post-list__title\"><a href=\"https:\/\/orianebaldassarre.fr\/fr\/winter-wedding-in-megeve-french-alps\/\" data-font=\"92e03cc0aaac\">Mariage d'hiver dans les Alpes, Meg\u00e8ve<\/a><\/h3>\n\t\t\t\t\t\t\t\t\t\t\t\t\t\t\t<div class=\"flo-block-post-list__excerpt\" data-font=\"271e9ed40234\">\n\t\t\t\t\t\t\t\t\t\t\t\t\t\t\t\t\t\t\t\t\t\t\t\t\t\t<\/div>\n\t\t\t\t\t\t\t\t\t\t\t\t\t<\/div>\n\t\t\t\t\t\t\t\t\t\t<div class=\"flo-block-post-list__button\"><a class=\"flo-generic-button flo-generic-button--scheme-2\" href=\"https:\/\/orianebaldassarre.fr\/fr\/winter-wedding-in-megeve-french-alps\/\">Lire la suite<\/a><\/div>\n\t\t\t\t<\/div>\n\t\t\t\t\t\t\t<div class=\"flo-block-post-list__item\">\n\t\t\t\t\t\t\t\t\t\t\t\t\t\t\t<div class=\"flo-block-post-list__meta\">\n\t\t\t\t\t\t\t\t\t\t\t<span class=\"flo-block-post-list__taxonomy\" data-font=\"271e9ed40234\">\n\t\t\t\t\t\t\t<a href=\"https:\/\/orianebaldassarre.fr\/fr\/category\/reportage-mariage\/\">Reportage mariage<\/a>\n\t\t\t\t\t\t<\/span>\n\t\t\t\t\t\n\t\t\t\t\t\t\t\t\t\t\t<span class=\"flo-block-post-list__date\" data-font=\"71f0624ade8b\">1 avril 2026<\/span>\n\t\t\t\t\t\t\t\t\t<\/div>\n\t\t\t\t\t\t\t\t\t\t\t\t\t\t<div class=\"flo-block-post-list__image-wrapper\">\n\t\t\t\t\t\t\t\t\t\t\t\t\t<div class='flo-block-post-list__image'>\n\t\t\t\t\t\t\t\t<a href=\"https:\/\/orianebaldassarre.fr\/fr\/elegant-wedding-in-provence-chateau-des-barrenques\/\">\n\t\t\t\t\t\t\t\t\t<img width=\"1067\" height=\"1600\" class=\"lazyload\" data-src=\"https:\/\/orianebaldassarre.fr\/wp-content\/uploads\/2026\/04\/oriane-baldassarre-15.jpg\" data-srcset=\"https:\/\/orianebaldassarre.fr\/wp-content\/uploads\/2026\/04\/oriane-baldassarre-15.jpg 1067w, https:\/\/orianebaldassarre.fr\/wp-content\/uploads\/2026\/04\/oriane-baldassarre-15-200x300.jpg 200w, https:\/\/orianebaldassarre.fr\/wp-content\/uploads\/2026\/04\/oriane-baldassarre-15-683x1024.jpg 683w, https:\/\/orianebaldassarre.fr\/wp-content\/uploads\/2026\/04\/oriane-baldassarre-15-768x1152.jpg 768w, https:\/\/orianebaldassarre.fr\/wp-content\/uploads\/2026\/04\/oriane-baldassarre-15-1024x1536.jpg 1024w\"  \/>\n\t\t\t\t\t\t\t\t<\/a>\n\t\t\t\t\t\t\t<\/div>\n\t\t\t\t\t\t\t\t\t\t\t\t\t\t\t\t\t\t\t\t\t\t\t<\/div>\n\t\t\t\t\t\t\t\t\t\t\t<div class=\"flo-block-post-list__text\">\n\t\t\t\t\t\t\t<h3 class=\"flo-block-post-list__title\"><a href=\"https:\/\/orianebaldassarre.fr\/fr\/elegant-wedding-in-provence-chateau-des-barrenques\/\" data-font=\"92e03cc0aaac\">Mariage \u00e9l\u00e9gant en Provence, Ch\u00e2teau des Barrenques<\/a><\/h3>\n\t\t\t\t\t\t\t\t\t\t\t\t\t\t\t<div class=\"flo-block-post-list__excerpt\" data-font=\"271e9ed40234\">\n\t\t\t\t\t\t\t\t\t\t\t\t\t\t\t\t\t\t\t\t\t\t\t\t\t\t<\/div>\n\t\t\t\t\t\t\t\t\t\t\t\t\t<\/div>\n\t\t\t\t\t\t\t\t\t\t<div class=\"flo-block-post-list__button\"><a class=\"flo-generic-button flo-generic-button--scheme-2\" href=\"https:\/\/orianebaldassarre.fr\/fr\/elegant-wedding-in-provence-chateau-des-barrenques\/\">Lire la suite<\/a><\/div>\n\t\t\t\t<\/div>\n\t\t\t\t\t\t\t<div class=\"flo-block-post-list__item\">\n\t\t\t\t\t\t\t\t\t\t\t\t\t\t\t<div class=\"flo-block-post-list__meta\">\n\t\t\t\t\t\t\t\t\t\t\t<span class=\"flo-block-post-list__taxonomy\" data-font=\"271e9ed40234\">\n\t\t\t\t\t\t\t<a href=\"https:\/\/orianebaldassarre.fr\/fr\/category\/photo-couple\/\">Photos de couple<\/a>\n\t\t\t\t\t\t<\/span>\n\t\t\t\t\t\n\t\t\t\t\t\t\t\t\t\t\t<span class=\"flo-block-post-list__date\" data-font=\"71f0624ade8b\">12 octobre 2023<\/span>\n\t\t\t\t\t\t\t\t\t<\/div>\n\t\t\t\t\t\t\t\t\t\t\t\t\t\t<div class=\"flo-block-post-list__image-wrapper\">\n\t\t\t\t\t\t\t\t\t\t\t\t\t<div class='flo-block-post-list__image'>\n\t\t\t\t\t\t\t\t<a href=\"https:\/\/orianebaldassarre.fr\/fr\/seance-photo-de-couple-dans-le-vieux-lyon\/\">\n\t\t\t\t\t\t\t\t\t<img width=\"1706\" height=\"2560\" class=\"lazyload\" data-src=\"https:\/\/orianebaldassarre.fr\/wp-content\/uploads\/2023\/08\/photos-couple-vieux-lyon-5-scaled.jpg\" data-srcset=\"https:\/\/orianebaldassarre.fr\/wp-content\/uploads\/2023\/08\/photos-couple-vieux-lyon-5-scaled.jpg 1706w, https:\/\/orianebaldassarre.fr\/wp-content\/uploads\/2023\/08\/photos-couple-vieux-lyon-5-200x300.jpg 200w, https:\/\/orianebaldassarre.fr\/wp-content\/uploads\/2023\/08\/photos-couple-vieux-lyon-5-683x1024.jpg 683w, https:\/\/orianebaldassarre.fr\/wp-content\/uploads\/2023\/08\/photos-couple-vieux-lyon-5-768x1152.jpg 768w, https:\/\/orianebaldassarre.fr\/wp-content\/uploads\/2023\/08\/photos-couple-vieux-lyon-5-1024x1536.jpg 1024w, https:\/\/orianebaldassarre.fr\/wp-content\/uploads\/2023\/08\/photos-couple-vieux-lyon-5-1365x2048.jpg 1365w\"  \/>\n\t\t\t\t\t\t\t\t<\/a>\n\t\t\t\t\t\t\t<\/div>\n\t\t\t\t\t\t\t\t\t\t\t\t\t\t\t\t\t\t\t\t\t\t\t<\/div>\n\t\t\t\t\t\t\t\t\t\t\t<div class=\"flo-block-post-list__text\">\n\t\t\t\t\t\t\t<h3 class=\"flo-block-post-list__title\"><a href=\"https:\/\/orianebaldassarre.fr\/fr\/seance-photo-de-couple-dans-le-vieux-lyon\/\" data-font=\"92e03cc0aaac\">Session photo engagement dans le Vieux Lyon<\/a><\/h3>\n\t\t\t\t\t\t\t\t\t\t\t\t\t\t\t<div class=\"flo-block-post-list__excerpt\" data-font=\"271e9ed40234\">\n\t\t\t\t\t\t\t\t\t\t\t\t\t\t\t\t\t\t\t\t\t\t\t\t\t\t<\/div>\n\t\t\t\t\t\t\t\t\t\t\t\t\t<\/div>\n\t\t\t\t\t\t\t\t\t\t<div class=\"flo-block-post-list__button\"><a class=\"flo-generic-button flo-generic-button--scheme-2\" href=\"https:\/\/orianebaldassarre.fr\/fr\/seance-photo-de-couple-dans-le-vieux-lyon\/\">Lire la suite<\/a><\/div>\n\t\t\t\t<\/div>\n\t\t\t\t\t\t\t<div class=\"flo-block-post-list__item\">\n\t\t\t\t\t\t\t\t\t\t\t\t\t\t\t<div class=\"flo-block-post-list__meta\">\n\t\t\t\t\t\t\t\t\t\t\t<span class=\"flo-block-post-list__taxonomy\" data-font=\"271e9ed40234\">\n\t\t\t\t\t\t\t<a href=\"https:\/\/orianebaldassarre.fr\/fr\/category\/inspirations-mariage\/\">Inspirations<\/a>\n\t\t\t\t\t\t<\/span>\n\t\t\t\t\t\n\t\t\t\t\t\t\t\t\t\t\t<span class=\"flo-block-post-list__date\" data-font=\"71f0624ade8b\">7 octobre 2023<\/span>\n\t\t\t\t\t\t\t\t\t<\/div>\n\t\t\t\t\t\t\t\t\t\t\t\t\t\t<div class=\"flo-block-post-list__image-wrapper\">\n\t\t\t\t\t\t\t\t\t\t\t\t\t<div class='flo-block-post-list__image'>\n\t\t\t\t\t\t\t\t<a href=\"https:\/\/orianebaldassarre.fr\/fr\/comment-je-suis-devenue-photographe-professionnelle\/\">\n\t\t\t\t\t\t\t\t\t<img width=\"1404\" height=\"2048\" class=\"lazyload\" data-src=\"https:\/\/orianebaldassarre.fr\/wp-content\/uploads\/2023\/10\/IMG_7960.jpg\" data-srcset=\"https:\/\/orianebaldassarre.fr\/wp-content\/uploads\/2023\/10\/IMG_7960.jpg 1404w, https:\/\/orianebaldassarre.fr\/wp-content\/uploads\/2023\/10\/IMG_7960-206x300.jpg 206w, https:\/\/orianebaldassarre.fr\/wp-content\/uploads\/2023\/10\/IMG_7960-702x1024.jpg 702w, https:\/\/orianebaldassarre.fr\/wp-content\/uploads\/2023\/10\/IMG_7960-768x1120.jpg 768w, https:\/\/orianebaldassarre.fr\/wp-content\/uploads\/2023\/10\/IMG_7960-1053x1536.jpg 1053w\"  \/>\n\t\t\t\t\t\t\t\t<\/a>\n\t\t\t\t\t\t\t<\/div>\n\t\t\t\t\t\t\t\t\t\t\t\t\t\t\t\t\t\t\t\t\t\t\t<\/div>\n\t\t\t\t\t\t\t\t\t\t\t<div class=\"flo-block-post-list__text\">\n\t\t\t\t\t\t\t<h3 class=\"flo-block-post-list__title\"><a href=\"https:\/\/orianebaldassarre.fr\/fr\/comment-je-suis-devenue-photographe-professionnelle\/\" data-font=\"92e03cc0aaac\">Comment je suis devenue photographe professionnelle<\/a><\/h3>\n\t\t\t\t\t\t\t\t\t\t\t\t\t\t\t<div class=\"flo-block-post-list__excerpt\" data-font=\"271e9ed40234\">\n\t\t\t\t\t\t\t\t\t\t\t\t\t\t\t\t\t\t\t\t\t\t\t\t\t\t<\/div>\n\t\t\t\t\t\t\t\t\t\t\t\t\t<\/div>\n\t\t\t\t\t\t\t\t\t\t<div class=\"flo-block-post-list__button\"><a class=\"flo-generic-button flo-generic-button--scheme-2\" href=\"https:\/\/orianebaldassarre.fr\/fr\/comment-je-suis-devenue-photographe-professionnelle\/\">Lire la suite<\/a><\/div>\n\t\t\t\t<\/div>\n\t\t\t\t\t\t\t<div class=\"flo-block-post-list__item\">\n\t\t\t\t\t\t\t\t\t\t\t\t\t\t\t<div class=\"flo-block-post-list__meta\">\n\t\t\t\t\t\t\t\t\t\t\t<span class=\"flo-block-post-list__taxonomy\" data-font=\"271e9ed40234\">\n\t\t\t\t\t\t\t<a href=\"https:\/\/orianebaldassarre.fr\/fr\/category\/photo-couple\/\">Photos de couple<\/a>\n\t\t\t\t\t\t<\/span>\n\t\t\t\t\t\n\t\t\t\t\t\t\t\t\t\t\t<span class=\"flo-block-post-list__date\" data-font=\"71f0624ade8b\">16 juillet 2023<\/span>\n\t\t\t\t\t\t\t\t\t<\/div>\n\t\t\t\t\t\t\t\t\t\t\t\t\t\t<div class=\"flo-block-post-list__image-wrapper\">\n\t\t\t\t\t\t\t\t\t\t\t\t\t<div class='flo-block-post-list__image'>\n\t\t\t\t\t\t\t\t<a href=\"https:\/\/orianebaldassarre.fr\/fr\/couple-photo-portugal\/\">\n\t\t\t\t\t\t\t\t\t<img width=\"2560\" height=\"1707\" class=\"lazyload\" data-src=\"https:\/\/orianebaldassarre.fr\/wp-content\/uploads\/2023\/07\/portugal-couple-photoshoot-16-scaled.jpg\" data-srcset=\"https:\/\/orianebaldassarre.fr\/wp-content\/uploads\/2023\/07\/portugal-couple-photoshoot-16-scaled.jpg 2560w, https:\/\/orianebaldassarre.fr\/wp-content\/uploads\/2023\/07\/portugal-couple-photoshoot-16-300x200.jpg 300w, https:\/\/orianebaldassarre.fr\/wp-content\/uploads\/2023\/07\/portugal-couple-photoshoot-16-1024x683.jpg 1024w, https:\/\/orianebaldassarre.fr\/wp-content\/uploads\/2023\/07\/portugal-couple-photoshoot-16-768x512.jpg 768w, https:\/\/orianebaldassarre.fr\/wp-content\/uploads\/2023\/07\/portugal-couple-photoshoot-16-1536x1024.jpg 1536w, https:\/\/orianebaldassarre.fr\/wp-content\/uploads\/2023\/07\/portugal-couple-photoshoot-16-2048x1365.jpg 2048w\"  \/>\n\t\t\t\t\t\t\t\t<\/a>\n\t\t\t\t\t\t\t<\/div>\n\t\t\t\t\t\t\t\t\t\t\t\t\t\t\t\t\t\t\t\t\t\t\t<\/div>\n\t\t\t\t\t\t\t\t\t\t\t<div class=\"flo-block-post-list__text\">\n\t\t\t\t\t\t\t<h3 class=\"flo-block-post-list__title\"><a href=\"https:\/\/orianebaldassarre.fr\/fr\/couple-photo-portugal\/\" data-font=\"92e03cc0aaac\">Session photo engagement en Algarve, Portugal<\/a><\/h3>\n\t\t\t\t\t\t\t\t\t\t\t\t\t\t\t<div class=\"flo-block-post-list__excerpt\" data-font=\"271e9ed40234\">\n\t\t\t\t\t\t\t\t\t\t\t\t\t\t\t\t\t\tJ'ai rencontr\u00e9 Sara et Nico en Tanzanie il y a 3 ans. Nous voil\u00e0 ici pour une s\u00e9ance photo au couch\u00e9...\t\t\t\t\t\t\t\t<\/div>\n\t\t\t\t\t\t\t\t\t\t\t\t\t<\/div>\n\t\t\t\t\t\t\t\t\t\t<div class=\"flo-block-post-list__button\"><a class=\"flo-generic-button flo-generic-button--scheme-2\" href=\"https:\/\/orianebaldassarre.fr\/fr\/couple-photo-portugal\/\">Lire la suite<\/a><\/div>\n\t\t\t\t<\/div>\n\t\t\t\t\t<\/div>\n\t\t\t<\/div>","protected":false},"excerpt":{"rendered":"","protected":false},"author":1,"featured_media":0,"parent":0,"menu_order":7,"comment_status":"closed","ping_status":"closed","template":"","meta":{"_monsterinsights_skip_tracking":false,"_monsterinsights_sitenote_active":false,"_monsterinsights_sitenote_note":"","_monsterinsights_sitenote_category":0,"footnotes":""},"class_list":["post-702","page","type-page","status-publish","hentry"],"fbg_featured_image_src":{"full":false,"thumbnail":false,"medium":false,"medium_large":false,"large":false,"1536x1536":false,"2048x2048":false,"trp-custom-language-flag":false},"fbg_excerpt":null,"yoast_head":"<!-- This site is optimized with the Yoast SEO plugin v27.3 - https:\/\/yoast.com\/product\/yoast-seo-wordpress\/ -->\n<title>Real wedding galleries and inspirations<\/title>\n<meta name=\"description\" content=\"Here you can find some real wedding galleries as well as inspiration styled shooting for your wedding in France or Destination.\" \/>\n<meta name=\"robots\" content=\"index, follow, max-snippet:-1, max-image-preview:large, max-video-preview:-1\" \/>\n<link rel=\"canonical\" href=\"https:\/\/orianebaldassarre.fr\/fr\/galleries\/\" \/>\n<meta property=\"og:locale\" content=\"fr_FR\" \/>\n<meta property=\"og:type\" content=\"article\" \/>\n<meta property=\"og:title\" content=\"Real wedding galleries and inspirations\" \/>\n<meta property=\"og:description\" content=\"Here you can find some real wedding galleries as well as inspiration styled shooting for your wedding in France or Destination.\" \/>\n<meta property=\"og:url\" content=\"https:\/\/orianebaldassarre.fr\/fr\/galleries\/\" \/>\n<meta property=\"og:site_name\" content=\"Oriane Baldassarre\" \/>\n<meta property=\"article:modified_time\" content=\"2026-04-07T10:25:22+00:00\" \/>\n<meta property=\"og:image\" content=\"https:\/\/orianebaldassarre.fr\/wp-content\/uploads\/2023\/06\/destination-wedding-marrakech-5-scaled.jpg\" \/>\n\t<meta property=\"og:image:width\" content=\"2560\" \/>\n\t<meta property=\"og:image:height\" content=\"1707\" \/>\n\t<meta property=\"og:image:type\" content=\"image\/jpeg\" \/>\n<meta name=\"twitter:card\" content=\"summary_large_image\" \/>\n<meta name=\"twitter:label1\" content=\"Dur\u00e9e de lecture estim\u00e9e\" \/>\n\t<meta name=\"twitter:data1\" content=\"2 minutes\" \/>\n<script type=\"application\/ld+json\" class=\"yoast-schema-graph\">{\"@context\":\"https:\\\/\\\/schema.org\",\"@graph\":[{\"@type\":\"WebPage\",\"@id\":\"https:\\\/\\\/orianebaldassarre.fr\\\/galleries\\\/\",\"url\":\"https:\\\/\\\/orianebaldassarre.fr\\\/galleries\\\/\",\"name\":\"Real wedding galleries and inspirations\",\"isPartOf\":{\"@id\":\"https:\\\/\\\/orianebaldassarre.fr\\\/#website\"},\"datePublished\":\"2023-06-15T18:41:13+00:00\",\"dateModified\":\"2026-04-07T10:25:22+00:00\",\"description\":\"Here you can find some real wedding galleries as well as inspiration styled shooting for your wedding in France or Destination.\",\"breadcrumb\":{\"@id\":\"https:\\\/\\\/orianebaldassarre.fr\\\/galleries\\\/#breadcrumb\"},\"inLanguage\":\"fr-FR\",\"potentialAction\":[{\"@type\":\"ReadAction\",\"target\":[\"https:\\\/\\\/orianebaldassarre.fr\\\/galleries\\\/\"]}]},{\"@type\":\"BreadcrumbList\",\"@id\":\"https:\\\/\\\/orianebaldassarre.fr\\\/galleries\\\/#breadcrumb\",\"itemListElement\":[{\"@type\":\"ListItem\",\"position\":1,\"name\":\"Accueil\",\"item\":\"https:\\\/\\\/orianebaldassarre.fr\\\/\"},{\"@type\":\"ListItem\",\"position\":2,\"name\":\"Galleries\"}]},{\"@type\":\"WebSite\",\"@id\":\"https:\\\/\\\/orianebaldassarre.fr\\\/#website\",\"url\":\"https:\\\/\\\/orianebaldassarre.fr\\\/\",\"name\":\"Oriane Baldassarre\",\"description\":\"Wedding photographer\",\"publisher\":{\"@id\":\"https:\\\/\\\/orianebaldassarre.fr\\\/#organization\"},\"potentialAction\":[{\"@type\":\"SearchAction\",\"target\":{\"@type\":\"EntryPoint\",\"urlTemplate\":\"https:\\\/\\\/orianebaldassarre.fr\\\/?s={search_term_string}\"},\"query-input\":{\"@type\":\"PropertyValueSpecification\",\"valueRequired\":true,\"valueName\":\"search_term_string\"}}],\"inLanguage\":\"fr-FR\"},{\"@type\":\"Organization\",\"@id\":\"https:\\\/\\\/orianebaldassarre.fr\\\/#organization\",\"name\":\"Oriane Baldassare\",\"url\":\"https:\\\/\\\/orianebaldassarre.fr\\\/\",\"logo\":{\"@type\":\"ImageObject\",\"inLanguage\":\"fr-FR\",\"@id\":\"https:\\\/\\\/orianebaldassarre.fr\\\/#\\\/schema\\\/logo\\\/image\\\/\",\"url\":\"https:\\\/\\\/orianebaldassarre.fr\\\/wp-content\\\/uploads\\\/2023\\\/05\\\/logo-oriane-baldassare-photographe-mariage-1.png\",\"contentUrl\":\"https:\\\/\\\/orianebaldassarre.fr\\\/wp-content\\\/uploads\\\/2023\\\/05\\\/logo-oriane-baldassare-photographe-mariage-1.png\",\"width\":5764,\"height\":1409,\"caption\":\"Oriane Baldassare\"},\"image\":{\"@id\":\"https:\\\/\\\/orianebaldassarre.fr\\\/#\\\/schema\\\/logo\\\/image\\\/\"},\"sameAs\":[\"https:\\\/\\\/www.instagram.com\\\/rio.weddings\\\/\",\"https:\\\/\\\/www.instagram.com\\\/rioriane\\\/\"]}]}<\/script>\n<!-- \/ Yoast SEO plugin. -->","yoast_head_json":{"title":"Real wedding galleries and inspirations","description":"Here you can find some real wedding galleries as well as inspiration styled shooting for your wedding in France or Destination.","robots":{"index":"index","follow":"follow","max-snippet":"max-snippet:-1","max-image-preview":"max-image-preview:large","max-video-preview":"max-video-preview:-1"},"canonical":"https:\/\/orianebaldassarre.fr\/fr\/galleries\/","og_locale":"fr_FR","og_type":"article","og_title":"Real wedding galleries and inspirations","og_description":"Here you can find some real wedding galleries as well as inspiration styled shooting for your wedding in France or Destination.","og_url":"https:\/\/orianebaldassarre.fr\/fr\/galleries\/","og_site_name":"Oriane Baldassarre","article_modified_time":"2026-04-07T10:25:22+00:00","og_image":[{"width":2560,"height":1707,"url":"https:\/\/orianebaldassarre.fr\/wp-content\/uploads\/2023\/06\/destination-wedding-marrakech-5-scaled.jpg","type":"image\/jpeg"}],"twitter_card":"summary_large_image","twitter_misc":{"Dur\u00e9e de lecture estim\u00e9e":"2 minutes"},"schema":{"@context":"https:\/\/schema.org","@graph":[{"@type":"WebPage","@id":"https:\/\/orianebaldassarre.fr\/galleries\/","url":"https:\/\/orianebaldassarre.fr\/galleries\/","name":"Real wedding galleries and inspirations","isPartOf":{"@id":"https:\/\/orianebaldassarre.fr\/#website"},"datePublished":"2023-06-15T18:41:13+00:00","dateModified":"2026-04-07T10:25:22+00:00","description":"Here you can find some real wedding galleries as well as inspiration styled shooting for your wedding in France or Destination.","breadcrumb":{"@id":"https:\/\/orianebaldassarre.fr\/galleries\/#breadcrumb"},"inLanguage":"fr-FR","potentialAction":[{"@type":"ReadAction","target":["https:\/\/orianebaldassarre.fr\/galleries\/"]}]},{"@type":"BreadcrumbList","@id":"https:\/\/orianebaldassarre.fr\/galleries\/#breadcrumb","itemListElement":[{"@type":"ListItem","position":1,"name":"Accueil","item":"https:\/\/orianebaldassarre.fr\/"},{"@type":"ListItem","position":2,"name":"Galleries"}]},{"@type":"WebSite","@id":"https:\/\/orianebaldassarre.fr\/#website","url":"https:\/\/orianebaldassarre.fr\/","name":"Oriane Baldassarre","description":"Wedding photographer","publisher":{"@id":"https:\/\/orianebaldassarre.fr\/#organization"},"potentialAction":[{"@type":"SearchAction","target":{"@type":"EntryPoint","urlTemplate":"https:\/\/orianebaldassarre.fr\/?s={search_term_string}"},"query-input":{"@type":"PropertyValueSpecification","valueRequired":true,"valueName":"search_term_string"}}],"inLanguage":"fr-FR"},{"@type":"Organization","@id":"https:\/\/orianebaldassarre.fr\/#organization","name":"Oriane Baldassare","url":"https:\/\/orianebaldassarre.fr\/","logo":{"@type":"ImageObject","inLanguage":"fr-FR","@id":"https:\/\/orianebaldassarre.fr\/#\/schema\/logo\/image\/","url":"https:\/\/orianebaldassarre.fr\/wp-content\/uploads\/2023\/05\/logo-oriane-baldassare-photographe-mariage-1.png","contentUrl":"https:\/\/orianebaldassarre.fr\/wp-content\/uploads\/2023\/05\/logo-oriane-baldassare-photographe-mariage-1.png","width":5764,"height":1409,"caption":"Oriane Baldassare"},"image":{"@id":"https:\/\/orianebaldassarre.fr\/#\/schema\/logo\/image\/"},"sameAs":["https:\/\/www.instagram.com\/rio.weddings\/","https:\/\/www.instagram.com\/rioriane\/"]}]}},"_links":{"self":[{"href":"https:\/\/orianebaldassarre.fr\/fr\/wp-json\/wp\/v2\/pages\/702","targetHints":{"allow":["GET"]}}],"collection":[{"href":"https:\/\/orianebaldassarre.fr\/fr\/wp-json\/wp\/v2\/pages"}],"about":[{"href":"https:\/\/orianebaldassarre.fr\/fr\/wp-json\/wp\/v2\/types\/page"}],"author":[{"embeddable":true,"href":"https:\/\/orianebaldassarre.fr\/fr\/wp-json\/wp\/v2\/users\/1"}],"replies":[{"embeddable":true,"href":"https:\/\/orianebaldassarre.fr\/fr\/wp-json\/wp\/v2\/comments?post=702"}],"version-history":[{"count":46,"href":"https:\/\/orianebaldassarre.fr\/fr\/wp-json\/wp\/v2\/pages\/702\/revisions"}],"predecessor-version":[{"id":3808,"href":"https:\/\/orianebaldassarre.fr\/fr\/wp-json\/wp\/v2\/pages\/702\/revisions\/3808"}],"wp:attachment":[{"href":"https:\/\/orianebaldassarre.fr\/fr\/wp-json\/wp\/v2\/media?parent=702"}],"curies":[{"name":"wp","href":"https:\/\/api.w.org\/{rel}","templated":true}]}}